{"id":93,"date":"2025-04-13T13:19:27","date_gmt":"2025-04-13T13:19:27","guid":{"rendered":"https:\/\/kurznews.eu\/?page_id=93"},"modified":"2025-04-13T13:19:52","modified_gmt":"2025-04-13T13:19:52","slug":"bedingungen-und-konditionen","status":"publish","type":"page","link":"https:\/\/kurznews.eu\/de\/bedingungen-und-konditionen\/","title":{"rendered":"Bedingungen und Konditionen"},"content":{"rendered":"<p><strong>Datum des Inkrafttretens:<\/strong> 13. April 2025<\/p>\n\n\n\n<p>Willkommen bei <strong>KurzNews<\/strong>. Durch die Nutzung unserer Anwendung erkl\u00e4ren Sie sich mit den folgenden Bedingungen und Konditionen einverstanden. Wenn Sie mit diesen Bedingungen nicht einverstanden sind, verwenden Sie die App bitte nicht.<\/p>\n\n\n\n<h3 class=\"wp-block-heading\"><strong>1. Eigentum an den Inhalten und Namensnennung<\/strong><\/h3>\n\n\n\n<p>1.1. <strong>Quellen f\u00fcr den Inhalt:<\/strong><\/p>\n\n\n\n<p>Unsere App zeigt Zusammenfassungen von Nachrichtenartikeln an, die aus \u00f6ffentlich zug\u00e4nglichen RSS-Feeds von Nachrichten-Websites Dritter stammen. Die vollst\u00e4ndigen Artikel sind immer direkt mit den <strong>Original-Website des Herausgebers<\/strong>.<\/p>\n\n\n\n<p>1.2. <strong>Urheberrecht und Eigentumsrechte:<\/strong><\/p>\n\n\n\n<p>Wir erheben keinen Anspruch auf das Eigentum an den Originalartikeln. Alle Rechte an den Originalinhalten - einschlie\u00dflich Titel, Volltext, Bilder, Marken und Logos - verbleiben bei <strong>alleiniges Eigentum der jeweiligen Herausgeber und Ersteller der Inhalte<\/strong>.<\/p>\n\n\n\n<p>1.3. <strong>Zusammenfassungen:<\/strong><\/p>\n\n\n\n<p>Alle Zusammenfassungen sind <strong>unabh\u00e4ngig erstellt<\/strong> durch unser Redaktionsteam oder einen Algorithmus und kopieren oder vervielf\u00e4ltigen nicht den Originaltext. Die Zusammenfassungen werden unter Beachtung der Fair-Use-Regeln oder \u00e4hnlicher Rechtsgrunds\u00e4tze verfasst und dienen ausschlie\u00dflich Informations- und Bildungszwecken.<\/p>\n\n\n\n<p>1.4. <strong>Logos und Autorennennung:<\/strong><\/p>\n\n\n\n<p>Logos, Namen und Autorenangaben, die in der App angezeigt werden, werden ausschlie\u00dflich f\u00fcr folgende Zwecke verwendet <strong>zu Informations- und Zuordnungszwecken<\/strong>. Ihre Einbeziehung bedeutet <strong>keine Bef\u00fcrwortung, Partnerschaft oder Zugeh\u00f6rigkeit implizieren<\/strong> mit den jeweiligen Inhaltsanbietern.<\/p>\n\n\n\n<h3 class=\"wp-block-heading\"><strong>2. Verantwortung der Benutzer<\/strong><\/h3>\n\n\n\n<p>2.1. <strong>Verwendung auf eigene Gefahr:<\/strong><\/p>\n\n\n\n<p>Wir haben keine Kontrolle \u00fcber die Inhalte der in unserer App verlinkten Websites Dritter und \u00e4ndern diese auch nicht. Indem Sie auf diese Links zugreifen, erkl\u00e4ren Sie sich damit einverstanden, dass Sie den Bedingungen und Konditionen dieser Websites Dritter unterliegen.<\/p>\n\n\n\n<p>2.2. <strong>Genauigkeit des Inhalts:<\/strong><\/p>\n\n\n\n<p>Wir bem\u00fchen uns, genaue Zusammenfassungen und Links bereitzustellen, k\u00f6nnen jedoch nicht garantieren, dass alle Inhalte aktuell, vollst\u00e4ndig oder fehlerfrei sind. Die Originalquelle bleibt die genaueste Version eines jeden Artikels.<\/p>\n\n\n\n<h3 class=\"wp-block-heading\"><strong>3. Anbieter von Inhalten und Verleger<\/strong><\/h3>\n\n\n\n<p>3.1. <strong>Achtung des Urheberrechts:<\/strong><\/p>\n\n\n\n<p>Wir respektieren die geistigen Eigentumsrechte aller Nachrichtenanbieter. Wenn Sie ein Eigent\u00fcmer oder Herausgeber von Inhalten sind und glauben, dass Ihre Rechte verletzt wurden, wenden Sie sich bitte an <strong>Kontaktieren Sie uns sofort<\/strong> an [Ihre Kontakt-E-Mail]. Wir werden Ihre Bedenken umgehend pr\u00fcfen und bearbeiten, gegebenenfalls auch den Inhalt entfernen.<\/p>\n\n\n\n<p>3.2. <strong>Opt-Out-Antr\u00e4ge:<\/strong><\/p>\n\n\n\n<p>Wenn Ihre Organisation Folgendes w\u00fcnscht <strong>sich abmelden<\/strong> von der Aufnahme in unsere App ausschlie\u00dfen oder die Nutzung Ihres RSS-Feeds oder Ihrer Zusammenfassungen einschr\u00e4nken m\u00f6chten, wenden Sie sich bitte direkt an [Ihre E-Mail-Adresse], und wir werden innerhalb eines angemessenen Zeitrahmens darauf eingehen.<\/p>\n\n\n\n<h3 class=\"wp-block-heading\"><strong>4.<\/strong> <strong>Keine Zugeh\u00f6rigkeit oder Bef\u00fcrwortung<\/strong><\/h3>\n\n\n\n<p>[Name Ihrer Anwendung] ist <strong>nicht angegliedert, assoziiert, autorisiert, gebilligt oder in irgendeiner Weise offiziell verbunden mit<\/strong> mit einem der Nachrichtenverlage oder Organisationen, deren Inhalte \u00fcber RSS-Feeds erscheinen. Alle Marken und Urheberrechte geh\u00f6ren ihren jeweiligen Eigent\u00fcmern.<\/p>\n\n\n\n<h3 class=\"wp-block-heading\"><strong>5.<\/strong> <strong>Fair Use und rechtlicher Rahmen<\/strong><\/h3>\n\n\n\n<p>Unser Dienst soll innerhalb des rechtlichen Rahmens der folgenden L\u00e4nder arbeiten:<\/p>\n\n\n\n<ul class=\"wp-block-list\">\n<li><strong>EU-Urheberrechtsrichtlinie (einschlie\u00dflich Datenbankrichtlinie)<\/strong><\/li>\n\n\n\n<li><strong>Deutsches Urheberrechtsgesetz (UrhG)<\/strong><\/li>\n\n\n\n<li><strong>Fair Use\/Fair Dealing-Prinzipien<\/strong>falls zutreffend<\/li>\n<\/ul>\n\n\n\n<p>Alle Zusammenfassungen sind <strong>transformativer Charakter<\/strong> und sind kein Ersatz f\u00fcr die Originalwerke.<\/p>\n\n\n\n<h3 class=\"wp-block-heading\"><strong>6.<\/strong> <strong>Verbotene Verwendung<\/strong><\/h3>\n\n\n\n<p>Sie erkl\u00e4ren sich damit einverstanden, die App nicht zu verwenden f\u00fcr:<\/p>\n\n\n\n<ul class=\"wp-block-list\">\n<li>Wiederver\u00f6ffentlichung, Scraping oder Verbreitung von Originalartikeln oder -logos ohne Genehmigung<\/li>\n\n\n\n<li>Falsche Darstellung der Originalquellen<\/li>\n\n\n\n<li>Jegliche kommerzielle Aktivit\u00e4t, die Nutzer zu der Annahme verleitet, dass [Name Ihrer App] eine offizielle Quelle oder ein Partner eines Verlags ist<\/li>\n<\/ul>\n\n\n\n<h3 class=\"wp-block-heading\"><strong>7.<\/strong> <strong>Ausschluss von Garantien<\/strong><\/h3>\n\n\n\n<p>Diese App wird bereitgestellt <strong>\"wie besehen\" und \"wie verf\u00fcgbar\"<\/strong> ohne Gew\u00e4hrleistungen jeglicher Art. Wir lehnen alle Garantien hinsichtlich der Verf\u00fcgbarkeit, Genauigkeit oder Eignung f\u00fcr einen bestimmten Zweck ab.<\/p>\n\n\n\n<h3 class=\"wp-block-heading\"><strong>8.<\/strong> <strong>Beschr\u00e4nkung der Haftung<\/strong><\/h3>\n\n\n\n<p>Unter keinen Umst\u00e4nden haften [Name Ihrer App], seine Entwickler oder Partner f\u00fcr indirekte, zuf\u00e4llige oder Folgesch\u00e4den im Zusammenhang mit:<\/p>\n\n\n\n<ul class=\"wp-block-list\">\n<li>Die Verwendung unserer Zusammenfassungen<\/li>\n\n\n\n<li>Verlinkung zu externen Artikeln<\/li>\n\n\n\n<li>Inhalt der Website von Dritten<\/li>\n<\/ul>\n\n\n\n<h3 class=\"wp-block-heading\"><strong>9.<\/strong> <strong>Geltendes Recht<\/strong><\/h3>\n\n\n\n<p>Die vorliegenden Bedingungen unterliegen dem Recht der <strong>Bundesrepublik Deutschland<\/strong>ohne R\u00fccksicht auf seine kollisionsrechtlichen Grunds\u00e4tze.<\/p>\n\n\n\n<h3 class=\"wp-block-heading\"><strong>10.<\/strong> <strong>\u00c4nderungen an diesen Bedingungen<\/strong><\/h3>\n\n\n\n<p>Wir behalten uns das Recht vor, diese Bedingungen jederzeit zu \u00e4ndern. Aktualisierungen werden auf dieser Seite mit dem neuen Datum des Inkrafttretens angezeigt. Die fortgesetzte Nutzung der App nach \u00c4nderungen bedeutet, dass Sie die \u00fcberarbeiteten Bedingungen akzeptieren. <\/p>\n\n\n\n<h3 class=\"wp-block-heading\"><strong>11.<\/strong> <strong>Kontakt<\/strong><\/h3>\n\n\n\n<p>Wenn Sie Fragen, W\u00fcnsche oder Probleme mit dem Urheberrecht haben, wenden Sie sich bitte an uns unter: info@kurznews.eu<\/p>","protected":false},"excerpt":{"rendered":"<p>Effective Date: 13 April 2025 Welcome to KurzNews. By using our application, you agree to the following Terms and Conditions. If you do not agree with these terms, please do not use the app. 1.\u00a0Content Ownership and Attribution 1.1. Content Sources: Our app displays summaries of news articles gathered from publicly available RSS feeds of [&hellip;]<\/p>","protected":false},"author":1,"featured_media":0,"parent":0,"menu_order":0,"comment_status":"closed","ping_status":"closed","template":"","meta":{"footnotes":""},"class_list":["post-93","page","type-page","status-publish"],"_links":{"self":[{"href":"https:\/\/kurznews.eu\/de\/wp-json\/wp\/v2\/pages\/93","targetHints":{"allow":["GET"]}}],"collection":[{"href":"https:\/\/kurznews.eu\/de\/wp-json\/wp\/v2\/pages"}],"about":[{"href":"https:\/\/kurznews.eu\/de\/wp-json\/wp\/v2\/types\/page"}],"author":[{"embeddable":true,"href":"https:\/\/kurznews.eu\/de\/wp-json\/wp\/v2\/users\/1"}],"replies":[{"embeddable":true,"href":"https:\/\/kurznews.eu\/de\/wp-json\/wp\/v2\/comments?post=93"}],"version-history":[{"count":5,"href":"https:\/\/kurznews.eu\/de\/wp-json\/wp\/v2\/pages\/93\/revisions"}],"predecessor-version":[{"id":98,"href":"https:\/\/kurznews.eu\/de\/wp-json\/wp\/v2\/pages\/93\/revisions\/98"}],"wp:attachment":[{"href":"https:\/\/kurznews.eu\/de\/wp-json\/wp\/v2\/media?parent=93"}],"curies":[{"name":"wp","href":"https:\/\/api.w.org\/{rel}","templated":true}]}}