{"id":101,"date":"2025-04-13T13:35:49","date_gmt":"2025-04-13T13:35:49","guid":{"rendered":"https:\/\/kurznews.eu\/?page_id=101"},"modified":"2025-04-13T13:36:09","modified_gmt":"2025-04-13T13:36:09","slug":"impressum","status":"publish","type":"page","link":"https:\/\/kurznews.eu\/de\/impressum\/","title":{"rendered":"Impressum"},"content":{"rendered":"<p><strong>Informationen nach \u00a7 5 TMG (Telemediengesetz):<\/strong><\/p>\n\n\n\n<p><strong>KurzNews<\/strong><\/p>\n\n\n\n<p>Inhaber (Owner): <strong>Ishrat Khan<\/strong><\/p>\n\n\n\n<p>Billstedter Hauptstra\u00dfe 99,<\/p>\n\n\n\n<p>22117 Hamburg, Deutschland<\/p>\n\n\n\n<h3 class=\"wp-block-heading\"><strong>Kontaktinformationen<\/strong><\/h3>\n\n\n\n<ul class=\"wp-block-list\">\n<li><strong>E-Mail:<\/strong> info@kurznews.eu<\/li>\n\n\n\n<li><strong>Website:<\/strong> <a href=\"https:\/\/kurznews.eu\/de\/\">https:\/\/kurznews.eu<\/a><\/li>\n<\/ul>\n\n\n\n<h3 class=\"wp-block-heading\"><strong>Verantwortlich f\u00fcr den Inhalt gem\u00e4\u00df \u00a7 18 Abs. 2 MStV (Medienstaatsvertrag):<\/strong><\/h3>\n\n\n\n<p><strong>Ishrat Khan<\/strong>Billstedter Hauptstra\u00dfe 99, 22117 Hamburg, Deutschland<\/p>\n\n\n\n<h3 class=\"wp-block-heading\"><strong>UMSATZSTEUERIDENTIFIKATIONSNUMMER<\/strong><\/h3>\n\n\n\n<p><strong>Umsatzsteuer-Identifikationsnummer gem\u00e4\u00df \u00a7 27 a Umsatzsteuergesetz (UStG)<\/strong><\/p>\n\n\n\n<h3 class=\"wp-block-heading\"><strong>Haftungsausschluss<\/strong><\/h3>\n\n\n\n<h4 class=\"wp-block-heading\"><strong>Haftung f\u00fcr Inhalte<\/strong><\/h4>\n\n\n\n<p>Als Diensteanbieter sind wir gem\u00e4\u00df \u00a7 7 Abs.1 TMG f\u00fcr eigene Inhalte auf diesen Seiten nach den allgemeinen Gesetzen verantwortlich. Als Diensteanbieter sind wir gem\u00e4\u00df \u00a7\u00a7 8 bis 10 TMG f\u00fcr eigene Inhalte auf diesen Seiten nach den allgemeinen Gesetzen verantwortlich. <strong>nicht verpflichtend<\/strong> zur \u00dcberwachung \u00fcbermittelter oder gespeicherter Informationen Dritter oder zur Untersuchung von Umst\u00e4nden, die auf eine rechtswidrige T\u00e4tigkeit hinweisen.<\/p>\n\n\n\n<p>Verpflichtungen zur Entfernung oder Sperrung der Nutzung von Informationen nach den allgemeinen Gesetzen bleiben hiervon unber\u00fchrt. Eine diesbez\u00fcgliche Haftung ist jedoch erst ab dem Zeitpunkt der Kenntnis einer konkreten Rechtsverletzung m\u00f6glich. Bei Bekanntwerden von entsprechenden Rechtsverletzungen werden wir diese Inhalte umgehend entfernen.<\/p>\n\n\n\n<h4 class=\"wp-block-heading\"><strong>Haftung f\u00fcr Links<\/strong><\/h4>\n\n\n\n<p>Unsere App und Website enthalten Links zu externen Websites, auf die wir keinen Einfluss haben. Deshalb k\u00f6nnen wir f\u00fcr diese fremden Inhalte auch keine Gew\u00e4hr \u00fcbernehmen. F\u00fcr die Inhalte der verlinkten Seiten ist stets der jeweilige Anbieter oder Betreiber der Seiten verantwortlich.<\/p>\n\n\n\n<p>Die verlinkten Seiten wurden zum Zeitpunkt der Verlinkung auf m\u00f6gliche Rechtsverst\u00f6\u00dfe \u00fcberpr\u00fcft. Rechtswidrige Inhalte waren zum Zeitpunkt der Verlinkung nicht erkennbar. Eine permanente inhaltliche Kontrolle der verlinkten Seiten ist jedoch ohne konkrete Anhaltspunkte einer Rechtsverletzung nicht zumutbar. Bei Bekanntwerden von Rechtsverletzungen werden wir derartige Links umgehend entfernen.<\/p>\n\n\n\n<h3 class=\"wp-block-heading\"><strong>Urheberrecht<\/strong><\/h3>\n\n\n\n<p>Die durch KurzNews erstellten Inhalte und Werke (Zusammenfassungen, Logos, UI-Design) unterliegen dem deutschen Urheberrecht. Die Vervielf\u00e4ltigung, Bearbeitung, Verbreitung und jede Art der Verwertung au\u00dferhalb der Grenzen des Urheberrechtes bed\u00fcrfen der <strong>schriftliche Zustimmung<\/strong> des jeweiligen Autors oder Urhebers.<\/p>\n\n\n\n<p>Inhalte Dritter (z. B. Links und Logos von urspr\u00fcnglichen Nachrichtenanbietern) sind deutlich gekennzeichnet und bleiben geistiges Eigentum der jeweiligen Eigent\u00fcmer. Wir erheben keinen Anspruch auf das Eigentum an externen Inhalten und verlinken nur auf die Originalquellen, um auf diese zu verweisen und sie korrekt zu benennen.<\/p>\n\n\n\n<h3 class=\"wp-block-heading\"><strong>Streitbeilegung (EU Online-Streitbeilegung)<\/strong><\/h3>\n\n\n\n<p>Die Europ\u00e4ische Kommission stellt eine Plattform f\u00fcr die Online-Streitbeilegung (ODR) zur Verf\u00fcgung:<\/p>\n\n\n\n<p><a href=\"https:\/\/ec.europa.eu\/consumers\/odr\">https:\/\/ec.europa.eu\/consumers\/odr<\/a><\/p>\n\n\n\n<p>Wir sind weder verpflichtet noch bereit, an einem Streitbeilegungsverfahren vor einer Verbraucherschlichtungsstelle teilzunehmen.<\/p>\n\n\n\n<p><strong>Wichtige Hinweise:<\/strong><\/p>\n\n\n\n<ul class=\"wp-block-list\">\n<li>Stellen Sie sicher, dass Ihr <strong>Name und Anschrift<\/strong> korrekt sind und mit Ihren rechtlichen Dokumenten \u00fcbereinstimmen.<\/li>\n\n\n\n<li>Wenn Sie als Unternehmen registriert sind, f\u00fcgen Sie die Zeilen Handelsregister und Umsatzsteuer-ID hinzu.<\/li>\n\n\n\n<li>Halten Sie immer die <strong>Impressum leicht zug\u00e4nglich<\/strong> auf Ihrer Website und verlinkt in Ihrer App.<\/li>\n<\/ul>","protected":false},"excerpt":{"rendered":"<p>Information according to \u00a7 5 TMG (German Telemedia Act): KurzNews Inhaber (Owner): Ishrat Khan Billstedter Hauptstra\u00dfe 99, 22117 Hamburg, Germany Contact Information Responsible for Content According to \u00a7 18 Abs. 2 MStV (German State Media Treaty): Ishrat Khan, Billstedter Hauptstra\u00dfe 99, 22117 Hamburg, Germany VAT ID Umsatzsteuer-Identifikationsnummer gem\u00e4\u00df \u00a7 27 a Umsatzsteuergesetz (VAT ID according [&hellip;]<\/p>","protected":false},"author":1,"featured_media":0,"parent":0,"menu_order":0,"comment_status":"closed","ping_status":"closed","template":"","meta":{"footnotes":""},"class_list":["post-101","page","type-page","status-publish"],"_links":{"self":[{"href":"https:\/\/kurznews.eu\/de\/wp-json\/wp\/v2\/pages\/101","targetHints":{"allow":["GET"]}}],"collection":[{"href":"https:\/\/kurznews.eu\/de\/wp-json\/wp\/v2\/pages"}],"about":[{"href":"https:\/\/kurznews.eu\/de\/wp-json\/wp\/v2\/types\/page"}],"author":[{"embeddable":true,"href":"https:\/\/kurznews.eu\/de\/wp-json\/wp\/v2\/users\/1"}],"replies":[{"embeddable":true,"href":"https:\/\/kurznews.eu\/de\/wp-json\/wp\/v2\/comments?post=101"}],"version-history":[{"count":1,"href":"https:\/\/kurznews.eu\/de\/wp-json\/wp\/v2\/pages\/101\/revisions"}],"predecessor-version":[{"id":102,"href":"https:\/\/kurznews.eu\/de\/wp-json\/wp\/v2\/pages\/101\/revisions\/102"}],"wp:attachment":[{"href":"https:\/\/kurznews.eu\/de\/wp-json\/wp\/v2\/media?parent=101"}],"curies":[{"name":"wp","href":"https:\/\/api.w.org\/{rel}","templated":true}]}}